{"id":2162,"date":"2024-08-30T13:38:57","date_gmt":"2024-08-30T16:38:57","guid":{"rendered":"https:\/\/espadadajo.com.br\/site\/?post_type=product&#038;p=2162"},"modified":"2024-08-30T14:58:02","modified_gmt":"2024-08-30T17:58:02","slug":"espada-persa-serpente-danca-do-ventre","status":"publish","type":"product","link":"https:\/\/espadadajo.com.br\/site\/produto\/espada-persa-serpente-danca-do-ventre\/","title":{"rendered":"Espada Persa Serpente &#8211; Dan\u00e7a do Ventre"},"content":{"rendered":"<ul>\n<li>Espada para dan\u00e7a do ventre Produto Artesanal<\/li>\n<li>Produto Artesanal<\/li>\n<li>Ponto de Equil\u00edbrio Perfeito<\/li>\n<li>Feita em inox com Desenho feito manualmente<\/li>\n<\/ul>\n","protected":false},"excerpt":{"rendered":"<p>Inspire mist\u00e9rio e fasc\u00ednio em cada movimento. A Espada Persa Serpente \u00e9 uma pe\u00e7a impressionante, com design inspirado na antiga P\u00e9rsia e uma serpente esculpida em sua l\u00e2mina. Perfeita para dan\u00e7arinas que desejam incorporar for\u00e7a e eleg\u00e2ncia em suas performances, essa espada oferece excelente equil\u00edbrio e uma est\u00e9tica \u00fanica que cativa os olhos e o cora\u00e7\u00e3o.<\/p>\n<p>&nbsp;<\/p>\n","protected":false},"featured_media":2198,"comment_status":"open","ping_status":"closed","template":"","meta":[],"product_cat":[47],"product_tag":[],"class_list":{"0":"post-2162","1":"product","2":"type-product","3":"status-publish","4":"has-post-thumbnail","6":"product_cat-espada-persa","8":"first","9":"instock","10":"shipping-taxable","11":"purchasable","12":"product-type-simple"},"_links":{"self":[{"href":"https:\/\/espadadajo.com.br\/site\/wp-json\/wp\/v2\/product\/2162","targetHints":{"allow":["GET"]}}],"collection":[{"href":"https:\/\/espadadajo.com.br\/site\/wp-json\/wp\/v2\/product"}],"about":[{"href":"https:\/\/espadadajo.com.br\/site\/wp-json\/wp\/v2\/types\/product"}],"replies":[{"embeddable":true,"href":"https:\/\/espadadajo.com.br\/site\/wp-json\/wp\/v2\/comments?post=2162"}],"wp:featuredmedia":[{"embeddable":true,"href":"https:\/\/espadadajo.com.br\/site\/wp-json\/wp\/v2\/media\/2198"}],"wp:attachment":[{"href":"https:\/\/espadadajo.com.br\/site\/wp-json\/wp\/v2\/media?parent=2162"}],"wp:term":[{"taxonomy":"product_cat","embeddable":true,"href":"https:\/\/espadadajo.com.br\/site\/wp-json\/wp\/v2\/product_cat?post=2162"},{"taxonomy":"product_tag","embeddable":true,"href":"https:\/\/espadadajo.com.br\/site\/wp-json\/wp\/v2\/product_tag?post=2162"}],"curies":[{"name":"wp","href":"https:\/\/api.w.org\/{rel}","templated":true}]}}