{"id":2165,"date":"2024-08-30T13:49:30","date_gmt":"2024-08-30T16:49:30","guid":{"rendered":"https:\/\/espadadajo.com.br\/site\/?post_type=product&#038;p=2165"},"modified":"2024-08-30T14:57:42","modified_gmt":"2024-08-30T17:57:42","slug":"espada-danca-do-ventre-serpente","status":"publish","type":"product","link":"https:\/\/espadadajo.com.br\/site\/produto\/espada-danca-do-ventre-serpente\/","title":{"rendered":"Espada Dan\u00e7a do Ventre Serpente"},"content":{"rendered":"<ul>\n<li>Espada para dan\u00e7a do ventre Produto Artesanal<\/li>\n<li>Produto Artesanal<\/li>\n<li>Ponto de Equil\u00edbrio Perfeito<\/li>\n<li>Feita em inox com Desenho feito manualmente<\/li>\n<\/ul>\n","protected":false},"excerpt":{"rendered":"<p>Um s\u00edmbolo de poder e gra\u00e7a. A Espada Dan\u00e7a do Ventre Serpente \u00e9 uma obra de arte \u00fanica, com uma serpente delicadamente gravada \u00e0 m\u00e3o em sua l\u00e2mina. Cada detalhe foi pensado para encantar e elevar suas performances, oferecendo equil\u00edbrio e estilo incompar\u00e1veis. Ideal para quem busca uma espada que combine beleza e tradi\u00e7\u00e3o, feita para brilhar nos palcos.<\/p>\n<p>&nbsp;<\/p>\n","protected":false},"featured_media":2197,"comment_status":"open","ping_status":"closed","template":"","meta":[],"product_cat":[47],"product_tag":[],"class_list":{"0":"post-2165","1":"product","2":"type-product","3":"status-publish","4":"has-post-thumbnail","6":"product_cat-espada-persa","8":"first","9":"instock","10":"shipping-taxable","11":"purchasable","12":"product-type-simple"},"_links":{"self":[{"href":"https:\/\/espadadajo.com.br\/site\/wp-json\/wp\/v2\/product\/2165","targetHints":{"allow":["GET"]}}],"collection":[{"href":"https:\/\/espadadajo.com.br\/site\/wp-json\/wp\/v2\/product"}],"about":[{"href":"https:\/\/espadadajo.com.br\/site\/wp-json\/wp\/v2\/types\/product"}],"replies":[{"embeddable":true,"href":"https:\/\/espadadajo.com.br\/site\/wp-json\/wp\/v2\/comments?post=2165"}],"wp:featuredmedia":[{"embeddable":true,"href":"https:\/\/espadadajo.com.br\/site\/wp-json\/wp\/v2\/media\/2197"}],"wp:attachment":[{"href":"https:\/\/espadadajo.com.br\/site\/wp-json\/wp\/v2\/media?parent=2165"}],"wp:term":[{"taxonomy":"product_cat","embeddable":true,"href":"https:\/\/espadadajo.com.br\/site\/wp-json\/wp\/v2\/product_cat?post=2165"},{"taxonomy":"product_tag","embeddable":true,"href":"https:\/\/espadadajo.com.br\/site\/wp-json\/wp\/v2\/product_tag?post=2165"}],"curies":[{"name":"wp","href":"https:\/\/api.w.org\/{rel}","templated":true}]}}